{"id":34,"date":"2011-12-19T19:25:27","date_gmt":"2011-12-19T18:25:27","guid":{"rendered":"http:\/\/www.haute-normandie-decroissance.fr\/?page_id=34"},"modified":"2011-12-19T20:00:12","modified_gmt":"2011-12-19T19:00:12","slug":"numero-zero-proximites","status":"publish","type":"page","link":"http:\/\/www.haute-normandie-decroissance.fr\/?page_id=34","title":{"rendered":"Num\u00e9ro z\u00e9ro, disponible pr\u00e8s de chez vous !"},"content":{"rendered":"<p>Au sommaire du num\u00e9ro z\u00e9ro !<br \/>\n&#8211; Edito : L&rsquo;avenir est \u00e0 la relocalisation ouverte<br \/>\n&#8211; Dossier sur l&rsquo;Epi, la monnaie locale de valeur<br \/>\n&#8211; Arr\u00eatez la casse : Prison du quartier Danton +\u00a0Et ailleurs, que font-ils de leurs prisons?<br \/>\n&#8211; Le camping de Montgeon parmi les places \u00e0 prendre<br \/>\n&#8211; Quand les citoyens reprennent en main la source de leur alimentation<br \/>\n&#8211; Agenda | Courrier | Abonnement<\/p>\n<p>O\u00f9 trouver Proximit\u00e9s ?<\/p>\n","protected":false},"excerpt":{"rendered":"<p>Au sommaire du num\u00e9ro z\u00e9ro ! &#8211; Edito : L&rsquo;avenir est \u00e0 la relocalisation ouverte &#8211; Dossier sur l&rsquo;Epi, la monnaie locale de valeur &#8211; Arr\u00eatez la casse : Prison du quartier Danton +\u00a0Et ailleurs, que font-ils de leurs prisons? &hellip; <a href=\"http:\/\/www.haute-normandie-decroissance.fr\/?page_id=34\">Continuer la lecture <span class=\"meta-nav\">&rarr;<\/span><\/a><\/p>\n","protected":false},"author":1,"featured_media":0,"parent":27,"menu_order":0,"comment_status":"open","ping_status":"open","template":"","meta":{"_monsterinsights_skip_tracking":false,"_monsterinsights_sitenote_active":false,"_monsterinsights_sitenote_note":"","_monsterinsights_sitenote_category":0,"footnotes":""},"class_list":["post-34","page","type-page","status-publish","hentry"],"_links":{"self":[{"href":"http:\/\/www.haute-normandie-decroissance.fr\/index.php?rest_route=\/wp\/v2\/pages\/34","targetHints":{"allow":["GET"]}}],"collection":[{"href":"http:\/\/www.haute-normandie-decroissance.fr\/index.php?rest_route=\/wp\/v2\/pages"}],"about":[{"href":"http:\/\/www.haute-normandie-decroissance.fr\/index.php?rest_route=\/wp\/v2\/types\/page"}],"author":[{"embeddable":true,"href":"http:\/\/www.haute-normandie-decroissance.fr\/index.php?rest_route=\/wp\/v2\/users\/1"}],"replies":[{"embeddable":true,"href":"http:\/\/www.haute-normandie-decroissance.fr\/index.php?rest_route=%2Fwp%2Fv2%2Fcomments&post=34"}],"version-history":[{"count":7,"href":"http:\/\/www.haute-normandie-decroissance.fr\/index.php?rest_route=\/wp\/v2\/pages\/34\/revisions"}],"predecessor-version":[{"id":42,"href":"http:\/\/www.haute-normandie-decroissance.fr\/index.php?rest_route=\/wp\/v2\/pages\/34\/revisions\/42"}],"up":[{"embeddable":true,"href":"http:\/\/www.haute-normandie-decroissance.fr\/index.php?rest_route=\/wp\/v2\/pages\/27"}],"wp:attachment":[{"href":"http:\/\/www.haute-normandie-decroissance.fr\/index.php?rest_route=%2Fwp%2Fv2%2Fmedia&parent=34"}],"curies":[{"name":"wp","href":"https:\/\/api.w.org\/{rel}","templated":true}]}}