{"id":449,"date":"2012-05-17T13:26:46","date_gmt":"2012-05-17T11:26:46","guid":{"rendered":"http:\/\/www.haute-normandie-decroissance.fr\/?page_id=449"},"modified":"2012-10-10T13:54:30","modified_gmt":"2012-10-10T11:54:30","slug":"legislatives-2012","status":"publish","type":"page","link":"http:\/\/www.haute-normandie-decroissance.fr\/?page_id=449","title":{"rendered":"Le 10 juin je vote D\u00e9croissance au L\u00e9gislatives 2012 en t\u00e9l\u00e9chargeant mon bulletin de vote"},"content":{"rendered":"<p style=\"text-align: center;\"><strong>Bulletins de vote de Haute-Normandie D\u00e9croissance<\/strong><\/p>\n<p style=\"text-align: center;\"><em><\/em><em>T\u00e9l\u00e9chargez le bulletin de vote, en cliquant sur les images.<br \/>\nVous obtiendrez un fichier pdf contenant 4 bulletins. Il suffira de l\u2019imprimer sur papier blanc, de grammage entre 60 et 80 grammes et de couper la page en 4 pour obtenir\u00a0 format officiel de 105 x 148 mm.<\/em><\/p>\n<p style=\"text-align: center;\"><a href=\"http:\/\/decroissance.lehavre.free.fr\/politique\/bulletins_de_vote-legislatives2012-isa.pdf\"><img loading=\"lazy\" decoding=\"async\" src=\"http:\/\/decroissance.lehavre.free.fr\/politique\/legislatives2012-bulletin-isa.jpg\" alt=\"\" width=\"410\" height=\"290\" \/><\/a><\/p>\n<p style=\"text-align: center;\"><a href=\"http:\/\/decroissance.lehavre.free.fr\/politique\/bulletins_de_vote-legislatives2012-nath.pdf\"><img loading=\"lazy\" decoding=\"async\" src=\"http:\/\/decroissance.lehavre.free.fr\/politique\/legislatives2012-bulletin-nath.jpg\" alt=\"\" width=\"407\" height=\"289\" \/><\/a><\/p>\n<p style=\"text-align: center;\"><strong>\u00a0<a href=\"http:\/\/www.haute-normandie-decroissance.fr\/pourquoi-le-telechargement-et-limpression-des-bulletins-de-vote-dans-certaines-circonscriptions\/\">Pourquoi le t\u00e9l\u00e9chargement et l\u2019impression des bulletins de vote dans certaines circonscriptions ?<\/a><\/strong><\/p>\n<p style=\"text-align: center;\"><em><strong><a href=\"http:\/\/www.haute-normandie-decroissance.fr\/soutenez-la-campagne-des-objecteurs-de-croissance\/\">Soutenez la campagne des Objecteurs de Croissance<\/a><\/strong> <\/em><\/p>\n<p>&nbsp;<\/p>\n<hr \/>\n<p style=\"text-align: center;\"><strong>La circulaire de Haute-Normandie D\u00e9croissance<\/strong><\/p>\n<p style=\"text-align: center;\"><a href=\"http:\/\/decroissance.lehavre.free.fr\/politique\/profession_de_foi_nom_12-nath-stef.pdf\"><img loading=\"lazy\" decoding=\"async\" class=\"alignnone\" src=\"http:\/\/decroissance.lehavre.free.fr\/politique\/legislatives2012-circulaire.jpg\" alt=\"\" width=\"625\" height=\"439\" \/><\/a><\/p>\n<p style=\"text-align: center;\"><strong><a href=\"http:\/\/decroissance.lehavre.free.fr\/politique\/profession_de_foi_nom_12-isa-phil.pdf\">Circulaire d&rsquo;Isabelle Plouchard et Philippe Renoult<\/a><\/strong><\/p>\n<hr \/>\n<p style=\"text-align: center;\"><strong>L&rsquo;affiche de Haute-Normandie D\u00e9croissance<\/strong><\/p>\n<p style=\"text-align: center;\"><a href=\"http:\/\/decroissance.lehavre.free.fr\/politique\/affiche_legislatives2012.pdf\"><img loading=\"lazy\" decoding=\"async\" class=\"alignnone\" src=\"http:\/\/decroissance.lehavre.free.fr\/politique\/legislatives2012-affiche.jpg\" alt=\"\" width=\"540\" height=\"763\" \/><\/a><\/p>\n<p style=\"text-align: center;\">Si \u00e7a vous chante, vous pouvez imprimer et coller des affiches vous-m\u00eame :-)<\/p>\n<hr \/>\n<p style=\"text-align: center;\">Toutes les informations sur les L\u00e9gislatives :<br \/>\n&#8211; <a href=\"http:\/\/www.haute-normandie-decroissance.fr\/category\/pieds\/visibilite\/legislatives-2012\/\">http:\/\/www.haute-normandie-decroissance.fr\/category\/pieds\/visibilite\/legislatives-2012\/<\/a><\/p>\n<hr \/>\n<p style=\"text-align: center;\"><strong>Tout comprendre sur la D\u00e9croissance :<\/strong><br \/>\n&#8211; <a href=\"http:\/\/www.partipourladecroissance.net\/\">http:\/\/www.partipourladecroissance.net\/<\/a><\/p>\n","protected":false},"excerpt":{"rendered":"<p>Bulletins de vote de Haute-Normandie D\u00e9croissance T\u00e9l\u00e9chargez le bulletin de vote, en cliquant sur les images. Vous obtiendrez un fichier pdf contenant 4 bulletins. Il suffira de l\u2019imprimer sur papier blanc, de grammage entre 60 et 80 grammes et de &hellip; <a href=\"http:\/\/www.haute-normandie-decroissance.fr\/?page_id=449\">Continuer la lecture <span class=\"meta-nav\">&rarr;<\/span><\/a><\/p>\n","protected":false},"author":3,"featured_media":0,"parent":446,"menu_order":1,"comment_status":"open","ping_status":"open","template":"","meta":{"_monsterinsights_skip_tracking":false,"_monsterinsights_sitenote_active":false,"_monsterinsights_sitenote_note":"","_monsterinsights_sitenote_category":0,"footnotes":""},"class_list":["post-449","page","type-page","status-publish","hentry"],"_links":{"self":[{"href":"http:\/\/www.haute-normandie-decroissance.fr\/index.php?rest_route=\/wp\/v2\/pages\/449","targetHints":{"allow":["GET"]}}],"collection":[{"href":"http:\/\/www.haute-normandie-decroissance.fr\/index.php?rest_route=\/wp\/v2\/pages"}],"about":[{"href":"http:\/\/www.haute-normandie-decroissance.fr\/index.php?rest_route=\/wp\/v2\/types\/page"}],"author":[{"embeddable":true,"href":"http:\/\/www.haute-normandie-decroissance.fr\/index.php?rest_route=\/wp\/v2\/users\/3"}],"replies":[{"embeddable":true,"href":"http:\/\/www.haute-normandie-decroissance.fr\/index.php?rest_route=%2Fwp%2Fv2%2Fcomments&post=449"}],"version-history":[{"count":14,"href":"http:\/\/www.haute-normandie-decroissance.fr\/index.php?rest_route=\/wp\/v2\/pages\/449\/revisions"}],"predecessor-version":[{"id":602,"href":"http:\/\/www.haute-normandie-decroissance.fr\/index.php?rest_route=\/wp\/v2\/pages\/449\/revisions\/602"}],"up":[{"embeddable":true,"href":"http:\/\/www.haute-normandie-decroissance.fr\/index.php?rest_route=\/wp\/v2\/pages\/446"}],"wp:attachment":[{"href":"http:\/\/www.haute-normandie-decroissance.fr\/index.php?rest_route=%2Fwp%2Fv2%2Fmedia&parent=449"}],"curies":[{"name":"wp","href":"https:\/\/api.w.org\/{rel}","templated":true}]}}