{"id":617,"date":"2012-10-21T12:59:16","date_gmt":"2012-10-21T10:59:16","guid":{"rendered":"http:\/\/www.haute-normandie-decroissance.fr\/?page_id=617"},"modified":"2013-01-11T16:26:07","modified_gmt":"2013-01-11T15:26:07","slug":"d-i-a","status":"publish","type":"page","link":"http:\/\/www.haute-normandie-decroissance.fr\/?page_id=617","title":{"rendered":"Le Projet"},"content":{"rendered":"<p style=\"text-align: center;\" align=\"JUSTIFY\"><strong>La Dotation Inconditionnelle d\u2019Autonomie (DIA),<br \/>\nun outil pour l\u2019\u00e9galit\u00e9 et la dignit\u00e9<\/strong><\/p>\n<p align=\"JUSTIFY\">Une proposition centrale des objecteurs de Croissance est l\u2019instauration d\u2019une Dotation Inconditionnelle d\u2019Autonomie (DIA), vers\u00e9e \u00e0 tous et de mani\u00e8re \u00e9gale de la naissance \u00e0 la mort, afin de garantir un niveau de vie d\u00e9cent d\u00e9connect\u00e9 de l\u2019occupation d\u2019un emploi. Cette dotation serait individuelle, inali\u00e9nable et cumulable \u00e0 tout autre revenu et traduirait la reconnaissance de la contribution de chaque individu \u00e0 travers l\u2019ensemble de ses activit\u00e9s, notamment non-marchande.<\/p>\n<p align=\"JUSTIFY\">La DIA est un outil de transition qui permettrait de construire une soci\u00e9t\u00e9 de d\u00e9croissance souhaitable et soutenable, au lieu d&rsquo;une soci\u00e9t\u00e9 de r\u00e9cession barbare.<\/p>\n<p align=\"JUSTIFY\">Le texte ci-dessou a \u00e9t\u00e9 \u00e9crit dans le cadre des \u00e9lections cantonales 2011.<\/p>\n<ul>\n<li><a href=\"http:\/\/www.partipourladecroissance.net\/?page_id=6993\">Un texte plus g\u00e9n\u00e9ral sur la DIA est disponible ici<\/a>.<\/li>\n<li><a href=\"http:\/\/www.partipourladecroissance.net\/?p=6263\">Un tract sur la DIA<\/a><\/li>\n<li><a href=\"http:\/\/www.partipourladecroissance.net\/?page_id=6736\">Un entretien l&rsquo;est ici<\/a><\/li>\n<li><a href=\"http:\/\/paularies.canalblog.com\/pages\/pour-un-revenu-social-demonetarise\/25068581.html\">Pour un revenu social d\u00e9mon\u00e9taris\u00e9<\/a><\/li>\n<li><a href=\"http:\/\/www.partipourladecroissance.net\/?p=6622\">Un texte sur la gratuit\u00e9 de Paul Ari\u00e8s<\/a><\/li>\n<\/ul>\n<p><a href=\"http:\/\/decroissance.lehavre.free.fr\/cantonales11.htm\"><img loading=\"lazy\" decoding=\"async\" class=\"aligncenter\" src=\"http:\/\/decroissance.lehavre.free.fr\/cantonales11\/quand-bien-meme-2010-p.jpg\" alt=\"\" width=\"450\" height=\"312\" \/><\/a><\/p>\n<p>D\u00e9j\u00e0 largement impliqu\u00e9 dans la politique sociale de nos territoires, nous proposons que les conseils g\u00e9n\u00e9raux renforcent leur action dans ce domaine et mettent en place un outil qui permette de sortir du capitalisme et de ses valeurs valeurs, notamment la centralit\u00e9 du travail.<\/p>\n<p align=\"JUSTIFY\">La DIA a pour principal objectif de donner les moyens \u00e0 chaque citoyen de vivre dignement. C\u2019est un droit \u00e0 la vie plus qu\u2019un droit au travail. L\u2019objectif est de sortir de l\u2019id\u00e9ologie du travail comme seul moyen de subsistance et d\u2019\u00e9mancipation sociale.<!--more--><\/p>\n<p align=\"JUSTIFY\">La mise en place d\u2019une DIA renforcerait l\u2019autonomie des personnes qui ne seraient plus contraintes mais auront le choix de leur activit\u00e9. Elle recentre l\u2019individu dans la soci\u00e9t\u00e9, non plus en fonction du travail mais en l\u2019ouvrant vers des perspectives personnelles permettant une \u00e9mancipation individuelle et collective favorable \u00e0 l\u2019usage d\u2019une d\u00e9mocratie ouverte et non plus d\u00e9pendante des facteurs de production et de la recherche de la Croissance.<\/p>\n<p align=\"JUSTIFY\">Cette DIA se couplerait \u00e0 un Revenu Maximum Autoris\u00e9 (RMA)afin de r\u00e9duire les in\u00e9galit\u00e9s mais aussi le gaspillage et la permissivit\u00e9 accord\u00e9s aux riches du fait de leur revenu. Que la richesse ne soit plus un passe-droit.<\/p>\n<p align=\"JUSTIFY\">Proposer la DIA, c\u2019est remettre en cause fondamentalement la logique capitaliste et chercher un autre mode d\u2019organisation sociale qui va plus loin que de secourir les plus d\u00e9munis ou corriger le syst\u00e8me \u00e0 la marge mais bien de le renverser car il est dans une impasse.<\/p>\n<p align=\"JUSTIFY\">A cette fin, cette dotation doit s\u2019inscrire dans l\u2019extension de la sph\u00e8re de la gratuit\u00e9 car tout ce qui est gratuit, dont la propri\u00e9t\u00e9 est collective et dont nous partageons l\u2019usage, s\u2019int\u00e8gre de facto \u00e0 la DIA pour se lib\u00e9rer des forces du march\u00e9. Cette gratuit\u00e9 se justifie pour le bon usage mais se compl\u00e8te par le rench\u00e9rissement du m\u00e9susage. Cela n\u00e9cessitera de d\u00e9battre collectivement des besoins et des champs d\u2019intervention des services publics, qui fourniront ces biens et services essentiels, du r\u00f4le et de la place de l\u2019\u00e9conomie mais aussi des limites \u00e0 s\u2019imposer. C\u2019est une gratuit\u00e9 socialement et d\u00e9mocratiquement organis\u00e9e et assum\u00e9e.<\/p>\n<p align=\"JUSTIFY\"><strong>Concr\u00e8tement,la DIA pourrait \u00eatre :<\/strong><\/p>\n<p align=\"JUSTIFY\">&#8211; <strong>des droits de tirage<\/strong> sur l\u2019eau, l\u2019\u00e9lectricit\u00e9 ou le gaz (ce qui n\u00e9cessitera une reprise en main de ces entreprises)fond\u00e9s sur la gratuit\u00e9 du bon usage et le rench\u00e9rissement du m\u00e9susage. Ainsi, les premiers Kwh ou m3 consomm\u00e9s seraient gratuits puis le tarif deviendrait progressif jusqu\u2019\u00e0 p\u00e9naliser les consommations jug\u00e9es excessives. Il n\u2019est plus possible de tol\u00e9rer que l\u2019eau d\u2019une piscine soit pay\u00e9e le m\u00eame prix que celle permettant de laver ses l\u00e9gumes. Ce principe peut \u00eatre \u00e9tendu \u00e0 d\u2019autres services (t\u00e9l\u00e9phone \u2026).<\/p>\n<p align=\"JUSTIFY\">&#8211; Une partie de la DIA sera vers\u00e9e en <strong>monnaie locale fondante<\/strong> : ainsi, la DIA permettrait de s\u2019affranchir de la monnaie traditionnelle en la privant de sa fonction de th\u00e9saurisation et de sp\u00e9culation pour la ramener \u00e0 ses seules fonctions d\u2019\u00e9valuation et d\u2019\u00e9change. La DIA, ainsi compos\u00e9e contribuerait \u00e0 sortir du syst\u00e8me financier et mon\u00e9taire actuel ainsi qu\u2019\u00e0 relocaliser les \u00e9changes commerciaux.<\/p>\n<p align=\"JUSTIFY\">&#8211; Au niveau des transports, les collectivit\u00e9s devront envisager la gratuit\u00e9 des transports collectifs de proximit\u00e9 et mettre \u00e0 disposition les moyens d\u2019utiliser les transports doux, par exemple en proposant gratuitement des v\u00e9los ou en offrant \u00e0 chaque individu une bicyclette et un forfait entretien. On peut \u00e9galement imaginer un syst\u00e8me de forfait kilom\u00e9trique gratuit de transports en commun dont tout d\u00e9passement serait \u00e0 la charge de l\u2019usager.<\/p>\n<p align=\"JUSTIFY\">&#8211; Le <strong>logement <\/strong>est \u00e9galement un droit fondamental \u00e0 prendre en compte dans la DIA. La question fonci\u00e8re est d\u00e9licate mais chaque personne doit pouvoir vivre dans un logement d\u00e9cent et \u00e9nerg\u00e9tiquement sobre. Chacun pourrait, par exemple, disposer d\u2019un nombre de m\u00b2 minimum et payer le surplus au prix du march\u00e9 (d\u2019un march\u00e9 fonctionnant d\u00e9mocratiquement avec des instances de contr\u00f4le et de r\u00e9gulation).<\/p>\n<p>&#8211; Un <strong>syst\u00e8me de sant\u00e9, d\u2019\u00e9ducation<\/strong> avec une formation \u00e0 l\u2019autonomie, l\u2019acc\u00e8s \u00e0 la culture ou le droit \u00e0 une information ind\u00e9pendante sont \u00e9galement des piliers de la DIA.<\/p>\n<p align=\"JUSTIFY\">Chaque citoyen doit pouvoir b\u00e9n\u00e9ficier vivre dignement et sans \u00eatre sous l\u2019emprise ali\u00e9nante des valeurs de la soci\u00e9t\u00e9 de Croissance.<\/p>\n<p align=\"JUSTIFY\">La DIA permet de s\u2019affranchir du capitalisme, de faire ce pas de c\u00f4t\u00e9 pour en sortir et imaginer d\u2019autres rapports sociaux, ainsi qu\u2019une autre vision du monde.<\/p>\n<p align=\"RIGHT\">Vous pouvez t\u00e9l\u00e9charger et distribuer une version tractable de cet article <a href=\"http:\/\/www.partipourladecroissance.net\/wp-content\/uploads\/2011\/02\/Tract-A5-DIA.pdf\">ici<\/a><\/p>\n<p>source : <a href=\"http:\/\/www.partipourladecroissance.net\/?p=5717\">http:\/\/www.partipourladecroissance.net\/?p=5717<\/a><\/p>\n","protected":false},"excerpt":{"rendered":"<p>La Dotation Inconditionnelle d\u2019Autonomie (DIA), un outil pour l\u2019\u00e9galit\u00e9 et la dignit\u00e9 Une proposition centrale des objecteurs de Croissance est l\u2019instauration d\u2019une Dotation Inconditionnelle d\u2019Autonomie (DIA), vers\u00e9e \u00e0 tous et de mani\u00e8re \u00e9gale de la naissance \u00e0 la mort, afin &hellip; <a href=\"http:\/\/www.haute-normandie-decroissance.fr\/?page_id=617\">Continuer la lecture <span class=\"meta-nav\">&rarr;<\/span><\/a><\/p>\n","protected":false},"author":3,"featured_media":0,"parent":0,"menu_order":0,"comment_status":"open","ping_status":"closed","template":"","meta":{"_monsterinsights_skip_tracking":false,"_monsterinsights_sitenote_active":false,"_monsterinsights_sitenote_note":"","_monsterinsights_sitenote_category":0,"footnotes":""},"class_list":["post-617","page","type-page","status-publish","hentry"],"_links":{"self":[{"href":"http:\/\/www.haute-normandie-decroissance.fr\/index.php?rest_route=\/wp\/v2\/pages\/617","targetHints":{"allow":["GET"]}}],"collection":[{"href":"http:\/\/www.haute-normandie-decroissance.fr\/index.php?rest_route=\/wp\/v2\/pages"}],"about":[{"href":"http:\/\/www.haute-normandie-decroissance.fr\/index.php?rest_route=\/wp\/v2\/types\/page"}],"author":[{"embeddable":true,"href":"http:\/\/www.haute-normandie-decroissance.fr\/index.php?rest_route=\/wp\/v2\/users\/3"}],"replies":[{"embeddable":true,"href":"http:\/\/www.haute-normandie-decroissance.fr\/index.php?rest_route=%2Fwp%2Fv2%2Fcomments&post=617"}],"version-history":[{"count":2,"href":"http:\/\/www.haute-normandie-decroissance.fr\/index.php?rest_route=\/wp\/v2\/pages\/617\/revisions"}],"predecessor-version":[{"id":697,"href":"http:\/\/www.haute-normandie-decroissance.fr\/index.php?rest_route=\/wp\/v2\/pages\/617\/revisions\/697"}],"wp:attachment":[{"href":"http:\/\/www.haute-normandie-decroissance.fr\/index.php?rest_route=%2Fwp%2Fv2%2Fmedia&parent=617"}],"curies":[{"name":"wp","href":"https:\/\/api.w.org\/{rel}","templated":true}]}}