{"id":1365,"date":"2015-01-25T18:56:53","date_gmt":"2015-01-25T17:56:53","guid":{"rendered":"http:\/\/www.haute-normandie-decroissance.fr\/?page_id=1365"},"modified":"2025-09-04T11:55:22","modified_gmt":"2025-09-04T09:55:22","slug":"devenir-sympathisant","status":"publish","type":"page","link":"https:\/\/www.haute-normandie-decroissance.fr\/?page_id=1365","title":{"rendered":"Devenir sympathisant"},"content":{"rendered":"<p><strong>Les sympathisant-es : <\/strong>sont des personnes int\u00e9ress\u00e9es par des \u00e9changes informels, qui se reconnaissent dans les valeurs de la D\u00e9croissance. Ils sont abonn\u00e9s \u00e0 une liste de discussion, afin de leur permettre d\u2019\u00e9changer. Les \u00e9changes sont mod\u00e9r\u00e9s par des membres du collectif. Les sympathisants sont tenus au courant des r\u00e9unions et actions du ChOC.<\/p>\n<p>Tout le monde peut rejoindre la liste des sympathisants, il suffit d&rsquo;<a href=\"http:\/\/www.partipourladecroissance.net\/?page_id=3990\">envoyer un mail au ChOC<\/a><\/p>\n<p><strong>Newsletter<\/strong> : si vous voulez juste recevoir des informations, le plus simple est de s&rsquo;abonner \u00e0 la newsletter<\/p>\n","protected":false},"excerpt":{"rendered":"<p>Les sympathisant-es : sont des personnes int\u00e9ress\u00e9es par des \u00e9changes informels, qui se reconnaissent dans les valeurs de la D\u00e9croissance. Ils sont abonn\u00e9s \u00e0 une liste de discussion, afin de leur permettre d\u2019\u00e9changer. Les \u00e9changes sont mod\u00e9r\u00e9s par des membres &hellip; <a href=\"https:\/\/www.haute-normandie-decroissance.fr\/?page_id=1365\">Continuer la lecture <span class=\"meta-nav\">&rarr;<\/span><\/a><\/p>\n","protected":false},"author":3,"featured_media":0,"parent":0,"menu_order":0,"comment_status":"open","ping_status":"open","template":"","meta":{"_monsterinsights_skip_tracking":false,"_monsterinsights_sitenote_active":false,"_monsterinsights_sitenote_note":"","_monsterinsights_sitenote_category":0,"footnotes":""},"class_list":["post-1365","page","type-page","status-publish","hentry"],"_links":{"self":[{"href":"https:\/\/www.haute-normandie-decroissance.fr\/index.php?rest_route=\/wp\/v2\/pages\/1365","targetHints":{"allow":["GET"]}}],"collection":[{"href":"https:\/\/www.haute-normandie-decroissance.fr\/index.php?rest_route=\/wp\/v2\/pages"}],"about":[{"href":"https:\/\/www.haute-normandie-decroissance.fr\/index.php?rest_route=\/wp\/v2\/types\/page"}],"author":[{"embeddable":true,"href":"https:\/\/www.haute-normandie-decroissance.fr\/index.php?rest_route=\/wp\/v2\/users\/3"}],"replies":[{"embeddable":true,"href":"https:\/\/www.haute-normandie-decroissance.fr\/index.php?rest_route=%2Fwp%2Fv2%2Fcomments&post=1365"}],"version-history":[{"count":2,"href":"https:\/\/www.haute-normandie-decroissance.fr\/index.php?rest_route=\/wp\/v2\/pages\/1365\/revisions"}],"predecessor-version":[{"id":1703,"href":"https:\/\/www.haute-normandie-decroissance.fr\/index.php?rest_route=\/wp\/v2\/pages\/1365\/revisions\/1703"}],"wp:attachment":[{"href":"https:\/\/www.haute-normandie-decroissance.fr\/index.php?rest_route=%2Fwp%2Fv2%2Fmedia&parent=1365"}],"curies":[{"name":"wp","href":"https:\/\/api.w.org\/{rel}","templated":true}]}}